{"id":2646,"date":"2018-04-25T10:55:31","date_gmt":"2018-04-25T10:55:31","guid":{"rendered":"http:\/\/sibenik-taxi.net\/trips\/"},"modified":"2019-05-03T15:20:59","modified_gmt":"2019-05-03T15:20:59","slug":"trips","status":"publish","type":"page","link":"https:\/\/sibenik-taxi.net\/en\/trips\/","title":{"rendered":"Trips"},"content":{"rendered":"<p>[vc_row full_width=&#8221;stretch_row&#8221;][vc_column][vc_empty_space alter_height=&#8221;large&#8221; hide_on_mobile=&#8221;&#8221;]<div id=\"sc_title_1693062083\"\n\t\tclass=\"sc_title sc_title_default  vc_custom_1524654427105\"><h6 class=\"sc_item_subtitle sc_title_subtitle sc_align_center sc_item_title_style_default\">Destinations<\/h6><h2 class=\"sc_item_title sc_title_title sc_align_center sc_item_title_style_default\">Trips<\/h2><\/div><!-- \/.sc_title -->[vc_empty_space alter_height=&#8221;small&#8221; hide_on_mobile=&#8221;&#8221;][vc_column_text]<\/p>\n<p style=\"text-align: center;\"><span style=\"color: #808080;\">City Taxi \u0160ibenik offers you transportation for all destinations. We transfer passengers as you desire us to. Our professional drivers are here to provide you with safe and pleasant journey. We work to get customers where they want to go, when they want to go, promptly, efficiently, comfortably, and safely. Are services are here for you with most affordable prices. We offer transportation to weddings, concerts, birthdays, fairs, games and all other occasions. Fell free to contact us for we are happy to help you.<\/span><\/p>\n<p>[\/vc_column_text][vc_empty_space alter_height=&#8221;medium&#8221; hide_on_mobile=&#8221;&#8221;][\/vc_column][\/vc_row][vc_row][vc_column width=&#8221;1\/3&#8243; css=&#8221;.vc_custom_1522008945429{padding-right: 30px !important;padding-left: 30px !important;}&#8221;][vc_single_image image=&#8221;1390&#8243; img_size=&#8221;large&#8221; alignment=&#8221;center&#8221;][vc_empty_space hide_on_mobile=&#8221;&#8221; css=&#8221;.vc_custom_1524062075353{margin-bottom: 0.8rem !important;}&#8221;][vc_column_text]<\/p>\n<h3><span style=\"color: #000000;\">Dubrovnik<\/span><\/h3>\n<p>[\/vc_column_text][vc_empty_space height=&#8221;10px&#8221; alter_height=&#8221;none&#8221; hide_on_mobile=&#8221;&#8221; css=&#8221;.vc_custom_1524063849623{margin-bottom: 0.8rem !important;}&#8221;][vc_column_text]<span style=\"color: #808080;\">Dubrovnik is located in the very south of Croatia. More than a thousand years of his history have made him world famous &#8230;<\/span>[\/vc_column_text][vc_empty_space hide_on_mobile=&#8221;&#8221; css=&#8221;.vc_custom_1524062081438{margin-bottom: 0.8rem !important;}&#8221;]<div class=\"sc_item_button sc_button_wrap sc_align_left\"><a href=\"http:\/\/sibenik-taxi.net\/en\/dubrovnik\/\"\n\t id=\"sc_button_463473985\" \n\tclass=\"sc_button sc_button_default sc_button_size_normal sc_button_icon_left\"\n\t\t><span class=\"sc_button_text sc_align_center\"><span class=\"sc_button_title\">CHOOSE A TRIP<\/span><\/span><!-- \/.sc_button_text --><\/a><!-- \/.sc_button --><\/div><!-- \/.sc_item_button -->[vc_empty_space alter_height=&#8221;medium&#8221; hide_on_mobile=&#8221;&#8221; css=&#8221;.vc_custom_1524171078308{margin-bottom: 0.8rem !important;}&#8221;][\/vc_column][vc_column width=&#8221;1\/3&#8243; css=&#8221;.vc_custom_1522008954390{padding-right: 30px !important;padding-left: 30px !important;}&#8221;][vc_single_image image=&#8221;1631&#8243; img_size=&#8221;large&#8221; alignment=&#8221;center&#8221;][vc_empty_space hide_on_mobile=&#8221;&#8221; css=&#8221;.vc_custom_1524062164593{margin-bottom: 0.8rem !important;}&#8221;][vc_column_text]<\/p>\n<h3>Plitvice lakes<\/h3>\n<p>[\/vc_column_text][vc_empty_space height=&#8221;10px&#8221; alter_height=&#8221;none&#8221; hide_on_mobile=&#8221;&#8221; css=&#8221;.vc_custom_1524063858372{margin-bottom: 0.8rem !important;}&#8221;][vc_column_text]<span style=\"color: #808080;\">Excursion to the National Park Plitvice Lakes is a unique experience for everyone. Be prepared for beautiful scenes&#8230;<\/span>[\/vc_column_text][vc_empty_space hide_on_mobile=&#8221;&#8221; css=&#8221;.vc_custom_1524062171380{margin-bottom: 0.8rem !important;}&#8221;]<div class=\"sc_item_button sc_button_wrap sc_align_left\"><a href=\"http:\/\/sibenik-taxi.net\/en\/plitvice-lakes\/\"\n\t id=\"sc_button_1485145827\" \n\tclass=\"sc_button sc_button_default sc_button_size_normal sc_button_icon_left\"\n\t\t><span class=\"sc_button_text sc_align_left\"><span class=\"sc_button_title\">CHOOSE A TRIP<\/span><\/span><!-- \/.sc_button_text --><\/a><!-- \/.sc_button --><\/div><!-- \/.sc_item_button -->[vc_empty_space alter_height=&#8221;medium&#8221; hide_on_mobile=&#8221;&#8221; css=&#8221;.vc_custom_1524171078308{margin-bottom: 0.8rem !important;}&#8221;][\/vc_column][vc_column width=&#8221;1\/3&#8243; css=&#8221;.vc_custom_1522008963435{padding-right: 30px !important;padding-left: 30px !important;}&#8221;][vc_single_image image=&#8221;1628&#8243; img_size=&#8221;large&#8221; alignment=&#8221;center&#8221;][vc_empty_space hide_on_mobile=&#8221;&#8221; css=&#8221;.vc_custom_1524062378075{margin-bottom: 0.8rem !important;}&#8221;][vc_column_text]<\/p>\n<h3><span style=\"color: #000000;\">Krka falls<\/span><\/h3>\n<p>[\/vc_column_text][vc_empty_space height=&#8221;10px&#8221; alter_height=&#8221;none&#8221; hide_on_mobile=&#8221;&#8221; css=&#8221;.vc_custom_1524063868949{margin-bottom: 0.8rem !important;}&#8221;][vc_column_text]<span style=\"color: #808080;\">Explore the natural beauty of the Krka National Park on this all-day trip with the departure from Sibenik. Amaze yourself&#8230;<\/span>[\/vc_column_text][vc_empty_space hide_on_mobile=&#8221;&#8221; css=&#8221;.vc_custom_1524062385220{margin-bottom: 0.8rem !important;}&#8221;]<div class=\"sc_item_button sc_button_wrap sc_align_left\"><a href=\"http:\/\/sibenik-taxi.net\/en\/krka\/\"\n\t id=\"sc_button_1147107196\" \n\tclass=\"sc_button sc_button_default sc_button_size_normal sc_button_icon_left\"\n\t\t><span class=\"sc_button_text sc_align_left\"><span class=\"sc_button_title\">CHOOSE A TRIP<\/span><\/span><!-- \/.sc_button_text --><\/a><!-- \/.sc_button --><\/div><!-- \/.sc_item_button -->[vc_empty_space alter_height=&#8221;medium&#8221; hide_on_mobile=&#8221;&#8221; css=&#8221;.vc_custom_1524171078308{margin-bottom: 0.8rem !important;}&#8221;][\/vc_column][\/vc_row][vc_row][vc_column width=&#8221;1\/3&#8243; css=&#8221;.vc_custom_1522008945429{padding-right: 30px !important;padding-left: 30px !important;}&#8221;][vc_single_image image=&#8221;2027&#8243; img_size=&#8221;large&#8221; alignment=&#8221;center&#8221;][vc_empty_space hide_on_mobile=&#8221;&#8221; css=&#8221;.vc_custom_1524062075353{margin-bottom: 0.8rem !important;}&#8221;][vc_column_text]<\/p>\n<h3><span style=\"color: #000000;\">Skradin<\/span><\/h3>\n<p>[\/vc_column_text][vc_empty_space height=&#8221;10px&#8221; alter_height=&#8221;none&#8221; hide_on_mobile=&#8221;&#8221; css=&#8221;.vc_custom_1524063849623{margin-bottom: 0.8rem !important;}&#8221;][vc_column_text]<span style=\"color: #808080;\">Skradin je mali, slikovit i ukusan, mjesto gdje rijeka ljubi more. Rromanti\u010dan dalmatinski grad s uskim poplo\u0107enim ulicama, prolazima i skalama&#8230;<\/span>[\/vc_column_text][vc_empty_space height=&#8221;5px&#8221; hide_on_mobile=&#8221;&#8221; css=&#8221;.vc_custom_1524171520273{margin-bottom: 0.8rem !important;}&#8221;]<div class=\"sc_item_button sc_button_wrap sc_align_left\"><a href=\"http:\/\/sibenik-taxi.net\/en\/skradin\/\"\n\t id=\"sc_button_1268928401\" \n\tclass=\"sc_button sc_button_default sc_button_size_normal sc_button_icon_left\"\n\t\t><span class=\"sc_button_text sc_align_center\"><span class=\"sc_button_title\">CHOOSE A TRIP<\/span><\/span><!-- \/.sc_button_text --><\/a><!-- \/.sc_button --><\/div><!-- \/.sc_item_button -->[vc_empty_space alter_height=&#8221;medium&#8221; hide_on_mobile=&#8221;&#8221; css=&#8221;.vc_custom_1524171107944{margin-bottom: 0.8rem !important;}&#8221;][\/vc_column][vc_column width=&#8221;1\/3&#8243; css=&#8221;.vc_custom_1522008954390{padding-right: 30px !important;padding-left: 30px !important;}&#8221;][vc_single_image image=&#8221;2036&#8243; img_size=&#8221;large&#8221; alignment=&#8221;center&#8221;][vc_empty_space hide_on_mobile=&#8221;&#8221; css=&#8221;.vc_custom_1524062164593{margin-bottom: 0.8rem !important;}&#8221;][vc_column_text]<\/p>\n<h3>Split \/ Trogir<\/h3>\n<p>[\/vc_column_text][vc_empty_space height=&#8221;10px&#8221; alter_height=&#8221;none&#8221; hide_on_mobile=&#8221;&#8221; css=&#8221;.vc_custom_1524063858372{margin-bottom: 0.8rem !important;}&#8221;][vc_column_text]<span style=\"color: #808080;\">Izlet u Trogir i Split posebno je iskustvo za svakoga. Pripremite se za najljep\u0161e anti\u010dke gradove u kojima se urbani&#8230;<\/span>[\/vc_column_text][vc_empty_space hide_on_mobile=&#8221;&#8221; css=&#8221;.vc_custom_1524062171380{margin-bottom: 0.8rem !important;}&#8221;]<div class=\"sc_item_button sc_button_wrap sc_align_left\"><a href=\"http:\/\/sibenik-taxi.net\/en\/split\/\"\n\t id=\"sc_button_1772125956\" \n\tclass=\"sc_button sc_button_default sc_button_size_normal sc_button_icon_left\"\n\t\t><span class=\"sc_button_text sc_align_left\"><span class=\"sc_button_title\">CHOOSE A TRIP<\/span><\/span><!-- \/.sc_button_text --><\/a><!-- \/.sc_button --><\/div><!-- \/.sc_item_button -->[vc_empty_space alter_height=&#8221;medium&#8221; hide_on_mobile=&#8221;&#8221; css=&#8221;.vc_custom_1524171107944{margin-bottom: 0.8rem !important;}&#8221;][\/vc_column][vc_column width=&#8221;1\/3&#8243; css=&#8221;.vc_custom_1522008963435{padding-right: 30px !important;padding-left: 30px !important;}&#8221;][vc_single_image image=&#8221;2030&#8243; img_size=&#8221;large&#8221; alignment=&#8221;center&#8221;][vc_empty_space hide_on_mobile=&#8221;&#8221; css=&#8221;.vc_custom_1524062378075{margin-bottom: 0.8rem !important;}&#8221;][vc_column_text]<\/p>\n<h3 class=\"sc_item_title sc_title_title sc_align_left sc_item_title_style_default\">Zadar \/ Pag \/ Nin<\/h3>\n<p>[\/vc_column_text][vc_empty_space height=&#8221;10px&#8221; alter_height=&#8221;none&#8221; hide_on_mobile=&#8221;&#8221; css=&#8221;.vc_custom_1524063868949{margin-bottom: 0.8rem !important;}&#8221;][vc_column_text]<span style=\"color: #808080;\">Zadovoljstvo nam je ponuditi vam savr\u0161enu \u0161etnju gradom: informativna le\u017eerna \u0161etnja u maloj grupi vo\u0111ena ljubaznim&#8230;<\/span>[\/vc_column_text][vc_empty_space hide_on_mobile=&#8221;&#8221; css=&#8221;.vc_custom_1524062385220{margin-bottom: 0.8rem !important;}&#8221;]<div class=\"sc_item_button sc_button_wrap sc_align_left\"><a href=\"http:\/\/sibenik-taxi.net\/en\/zadar\/\"\n\t id=\"sc_button_321573225\" \n\tclass=\"sc_button sc_button_default sc_button_size_normal sc_button_icon_left\"\n\t\t><span class=\"sc_button_text sc_align_left\"><span class=\"sc_button_title\">CHOOSE A TRIP<\/span><\/span><!-- \/.sc_button_text --><\/a><!-- \/.sc_button --><\/div><!-- \/.sc_item_button -->[\/vc_column][\/vc_row][vc_row full_width=&#8221;stretch_row&#8221;][vc_column width=&#8221;1\/4&#8243;][vc_empty_space hide_on_mobile=&#8221;&#8221;][vc_column_text]<span style=\"color: #ffffff;\"><a style=\"color: #ffffff;\" href=\"http:\/\/sibenik-taxi.net\/\">\u2190 home page<\/a>\u00a0\u00a0<a style=\"color: #ffffff;\" href=\"https:\/\/www.google.hr\/search?q=%C5%A1ibenik&amp;source=lnms&amp;tbm=isch&amp;sa=X&amp;ved=0ahUKEwien7Dr6JHaAhUGiiwKHYiADFwQ_AUICygC&amp;biw=1920&amp;bih=1069\">\u2190 photos of \u0160ibenik<\/a>\u00a0<\/span>[\/vc_column_text][vc_empty_space hide_on_mobile=&#8221;&#8221;][\/vc_column][vc_column width=&#8221;3\/4&#8243;][vc_empty_space hide_on_mobile=&#8221;&#8221;][vc_column_text]<img loading=\"lazy\" decoding=\"async\" class=\"alignnone size-full wp-image-1256\" src=\"http:\/\/sibenik-taxi.net\/wp-content\/uploads\/2018\/03\/Taxi-\u0160ibenik.jpg\" alt=\"Izleti\" width=\"400\" height=\"5\" srcset=\"https:\/\/sibenik-taxi.net\/wp-content\/uploads\/2018\/03\/Taxi-\u0160ibenik.jpg 400w, https:\/\/sibenik-taxi.net\/wp-content\/uploads\/2018\/03\/Taxi-\u0160ibenik-300x4.jpg 300w, https:\/\/sibenik-taxi.net\/wp-content\/uploads\/2018\/03\/Taxi-\u0160ibenik-370x5.jpg 370w\" sizes=\"auto, (max-width: 400px) 100vw, 400px\" \/>[\/vc_column_text][vc_empty_space hide_on_mobile=&#8221;&#8221;][\/vc_column][\/vc_row]<\/p>\n","protected":false},"excerpt":{"rendered":"<p>[vc_row full_width=&#8221;stretch_row&#8221;][vc_column][vc_empty_space alter_height=&#8221;large&#8221; hide_on_mobile=&#8221;&#8221;][vc_empty_space alter_height=&#8221;small&#8221; hide_on_mobile=&#8221;&#8221;][vc_column_text] City Taxi \u0160ibenik offers you transportation for all destinations. We transfer passengers as you desire us to. Our professional drivers are here to provide you with safe and pleasant journey. We work to get customers where they want to go, when they want to go, promptly, efficiently, comfortably, and safely. Are services are here&hellip;<\/p>\n","protected":false},"author":1,"featured_media":0,"parent":0,"menu_order":0,"comment_status":"closed","ping_status":"closed","template":"","meta":{"_monsterinsights_skip_tracking":false,"_monsterinsights_sitenote_active":false,"_monsterinsights_sitenote_note":"","_monsterinsights_sitenote_category":0,"footnotes":""},"class_list":["post-2646","page","type-page","status-publish","hentry"],"yoast_head":"<!-- This site is optimized with the Yoast SEO plugin v26.5 - https:\/\/yoast.com\/wordpress\/plugins\/seo\/ -->\n<title>Trips | Taxi in Sibenik | Cheap taxi | Order taxi 24\/7 | City taxi Sibenik<\/title>\n<meta name=\"description\" content=\"Trips \u00b7 Taxi in Sibenik \u00b7 City taxi Sibenik \u00b7 Order taxi \u00b7 + 385 99 3232 777 \u00b7 taxi.gradski.sib@gmail.com \u00b7 Taxi boat \u00b7 Transfers: Sibenik Split \u00b7 Trips\" \/>\n<meta name=\"robots\" content=\"index, follow, max-snippet:-1, max-image-preview:large, max-video-preview:-1\" \/>\n<link rel=\"canonical\" href=\"https:\/\/sibenik-taxi.net\/en\/trips\/\" \/>\n<meta property=\"og:locale\" content=\"en_US\" \/>\n<meta property=\"og:type\" content=\"article\" \/>\n<meta property=\"og:title\" content=\"Trips | Taxi in Sibenik | Cheap taxi | Order taxi 24\/7 | City taxi Sibenik\" \/>\n<meta property=\"og:description\" content=\"Trips \u00b7 Taxi in Sibenik \u00b7 City taxi Sibenik \u00b7 Order taxi \u00b7 + 385 99 3232 777 \u00b7 taxi.gradski.sib@gmail.com \u00b7 Taxi boat \u00b7 Transfers: Sibenik Split \u00b7 Trips\" \/>\n<meta property=\"og:url\" content=\"https:\/\/sibenik-taxi.net\/en\/trips\/\" \/>\n<meta property=\"og:site_name\" content=\"Gradski taxi \u0160ibenik\" \/>\n<meta property=\"article:publisher\" content=\"https:\/\/www.facebook.com\/Gradski-taxi-%c5%a0ibenik-488901857822509\/\" \/>\n<meta property=\"article:modified_time\" content=\"2019-05-03T15:20:59+00:00\" \/>\n<meta property=\"og:image\" content=\"http:\/\/sibenik-taxi.net\/wp-content\/uploads\/2018\/03\/Taxi-\u0160ibenik.jpg\" \/>\n<meta name=\"twitter:card\" content=\"summary_large_image\" \/>\n<meta name=\"twitter:label1\" content=\"Est. reading time\" \/>\n\t<meta name=\"twitter:data1\" content=\"6 minutes\" \/>\n<script type=\"application\/ld+json\" class=\"yoast-schema-graph\">{\"@context\":\"https:\/\/schema.org\",\"@graph\":[{\"@type\":\"WebPage\",\"@id\":\"https:\/\/sibenik-taxi.net\/en\/trips\/\",\"url\":\"https:\/\/sibenik-taxi.net\/en\/trips\/\",\"name\":\"Trips | Taxi in Sibenik | Cheap taxi | Order taxi 24\/7 | City taxi Sibenik\",\"isPartOf\":{\"@id\":\"https:\/\/sibenik-taxi.net\/#website\"},\"datePublished\":\"2018-04-25T10:55:31+00:00\",\"dateModified\":\"2019-05-03T15:20:59+00:00\",\"description\":\"Trips \u00b7 Taxi in Sibenik \u00b7 City taxi Sibenik \u00b7 Order taxi \u00b7 + 385 99 3232 777 \u00b7 taxi.gradski.sib@gmail.com \u00b7 Taxi boat \u00b7 Transfers: Sibenik Split \u00b7 Trips\",\"breadcrumb\":{\"@id\":\"https:\/\/sibenik-taxi.net\/en\/trips\/#breadcrumb\"},\"inLanguage\":\"en-US\",\"potentialAction\":[{\"@type\":\"ReadAction\",\"target\":[\"https:\/\/sibenik-taxi.net\/en\/trips\/\"]}]},{\"@type\":\"BreadcrumbList\",\"@id\":\"https:\/\/sibenik-taxi.net\/en\/trips\/#breadcrumb\",\"itemListElement\":[{\"@type\":\"ListItem\",\"position\":1,\"name\":\"Home\",\"item\":\"https:\/\/sibenik-taxi.net\/en\/\"},{\"@type\":\"ListItem\",\"position\":2,\"name\":\"Trips\"}]},{\"@type\":\"WebSite\",\"@id\":\"https:\/\/sibenik-taxi.net\/#website\",\"url\":\"https:\/\/sibenik-taxi.net\/\",\"name\":\"Gradski taxi \u0160ibenik\",\"description\":\"Taxi \u0160ibenik - Transferi od 0 do 24h\",\"publisher\":{\"@id\":\"https:\/\/sibenik-taxi.net\/#organization\"},\"potentialAction\":[{\"@type\":\"SearchAction\",\"target\":{\"@type\":\"EntryPoint\",\"urlTemplate\":\"https:\/\/sibenik-taxi.net\/?s={search_term_string}\"},\"query-input\":{\"@type\":\"PropertyValueSpecification\",\"valueRequired\":true,\"valueName\":\"search_term_string\"}}],\"inLanguage\":\"en-US\"},{\"@type\":\"Organization\",\"@id\":\"https:\/\/sibenik-taxi.net\/#organization\",\"name\":\"Gradski taxi \u0160ibenik\",\"url\":\"https:\/\/sibenik-taxi.net\/\",\"logo\":{\"@type\":\"ImageObject\",\"inLanguage\":\"en-US\",\"@id\":\"https:\/\/sibenik-taxi.net\/#\/schema\/logo\/image\/\",\"url\":\"https:\/\/sibenik-taxi.net\/wp-content\/uploads\/2018\/04\/taxi-logo-google.png\",\"contentUrl\":\"https:\/\/sibenik-taxi.net\/wp-content\/uploads\/2018\/04\/taxi-logo-google.png\",\"width\":201,\"height\":64,\"caption\":\"Gradski taxi \u0160ibenik\"},\"image\":{\"@id\":\"https:\/\/sibenik-taxi.net\/#\/schema\/logo\/image\/\"},\"sameAs\":[\"https:\/\/www.facebook.com\/Gradski-taxi-\u0160ibenik-488901857822509\/\"]}]}<\/script>\n<!-- \/ Yoast SEO plugin. -->","yoast_head_json":{"title":"Trips | Taxi in Sibenik | Cheap taxi | Order taxi 24\/7 | City taxi Sibenik","description":"Trips \u00b7 Taxi in Sibenik \u00b7 City taxi Sibenik \u00b7 Order taxi \u00b7 + 385 99 3232 777 \u00b7 taxi.gradski.sib@gmail.com \u00b7 Taxi boat \u00b7 Transfers: Sibenik Split \u00b7 Trips","robots":{"index":"index","follow":"follow","max-snippet":"max-snippet:-1","max-image-preview":"max-image-preview:large","max-video-preview":"max-video-preview:-1"},"canonical":"https:\/\/sibenik-taxi.net\/en\/trips\/","og_locale":"en_US","og_type":"article","og_title":"Trips | Taxi in Sibenik | Cheap taxi | Order taxi 24\/7 | City taxi Sibenik","og_description":"Trips \u00b7 Taxi in Sibenik \u00b7 City taxi Sibenik \u00b7 Order taxi \u00b7 + 385 99 3232 777 \u00b7 taxi.gradski.sib@gmail.com \u00b7 Taxi boat \u00b7 Transfers: Sibenik Split \u00b7 Trips","og_url":"https:\/\/sibenik-taxi.net\/en\/trips\/","og_site_name":"Gradski taxi \u0160ibenik","article_publisher":"https:\/\/www.facebook.com\/Gradski-taxi-%c5%a0ibenik-488901857822509\/","article_modified_time":"2019-05-03T15:20:59+00:00","og_image":[{"url":"http:\/\/sibenik-taxi.net\/wp-content\/uploads\/2018\/03\/Taxi-\u0160ibenik.jpg","type":"","width":"","height":""}],"twitter_card":"summary_large_image","twitter_misc":{"Est. reading time":"6 minutes"},"schema":{"@context":"https:\/\/schema.org","@graph":[{"@type":"WebPage","@id":"https:\/\/sibenik-taxi.net\/en\/trips\/","url":"https:\/\/sibenik-taxi.net\/en\/trips\/","name":"Trips | Taxi in Sibenik | Cheap taxi | Order taxi 24\/7 | City taxi Sibenik","isPartOf":{"@id":"https:\/\/sibenik-taxi.net\/#website"},"datePublished":"2018-04-25T10:55:31+00:00","dateModified":"2019-05-03T15:20:59+00:00","description":"Trips \u00b7 Taxi in Sibenik \u00b7 City taxi Sibenik \u00b7 Order taxi \u00b7 + 385 99 3232 777 \u00b7 taxi.gradski.sib@gmail.com \u00b7 Taxi boat \u00b7 Transfers: Sibenik Split \u00b7 Trips","breadcrumb":{"@id":"https:\/\/sibenik-taxi.net\/en\/trips\/#breadcrumb"},"inLanguage":"en-US","potentialAction":[{"@type":"ReadAction","target":["https:\/\/sibenik-taxi.net\/en\/trips\/"]}]},{"@type":"BreadcrumbList","@id":"https:\/\/sibenik-taxi.net\/en\/trips\/#breadcrumb","itemListElement":[{"@type":"ListItem","position":1,"name":"Home","item":"https:\/\/sibenik-taxi.net\/en\/"},{"@type":"ListItem","position":2,"name":"Trips"}]},{"@type":"WebSite","@id":"https:\/\/sibenik-taxi.net\/#website","url":"https:\/\/sibenik-taxi.net\/","name":"Gradski taxi \u0160ibenik","description":"Taxi \u0160ibenik - Transferi od 0 do 24h","publisher":{"@id":"https:\/\/sibenik-taxi.net\/#organization"},"potentialAction":[{"@type":"SearchAction","target":{"@type":"EntryPoint","urlTemplate":"https:\/\/sibenik-taxi.net\/?s={search_term_string}"},"query-input":{"@type":"PropertyValueSpecification","valueRequired":true,"valueName":"search_term_string"}}],"inLanguage":"en-US"},{"@type":"Organization","@id":"https:\/\/sibenik-taxi.net\/#organization","name":"Gradski taxi \u0160ibenik","url":"https:\/\/sibenik-taxi.net\/","logo":{"@type":"ImageObject","inLanguage":"en-US","@id":"https:\/\/sibenik-taxi.net\/#\/schema\/logo\/image\/","url":"https:\/\/sibenik-taxi.net\/wp-content\/uploads\/2018\/04\/taxi-logo-google.png","contentUrl":"https:\/\/sibenik-taxi.net\/wp-content\/uploads\/2018\/04\/taxi-logo-google.png","width":201,"height":64,"caption":"Gradski taxi \u0160ibenik"},"image":{"@id":"https:\/\/sibenik-taxi.net\/#\/schema\/logo\/image\/"},"sameAs":["https:\/\/www.facebook.com\/Gradski-taxi-\u0160ibenik-488901857822509\/"]}]}},"_links":{"self":[{"href":"https:\/\/sibenik-taxi.net\/en\/wp-json\/wp\/v2\/pages\/2646","targetHints":{"allow":["GET"]}}],"collection":[{"href":"https:\/\/sibenik-taxi.net\/en\/wp-json\/wp\/v2\/pages"}],"about":[{"href":"https:\/\/sibenik-taxi.net\/en\/wp-json\/wp\/v2\/types\/page"}],"author":[{"embeddable":true,"href":"https:\/\/sibenik-taxi.net\/en\/wp-json\/wp\/v2\/users\/1"}],"replies":[{"embeddable":true,"href":"https:\/\/sibenik-taxi.net\/en\/wp-json\/wp\/v2\/comments?post=2646"}],"version-history":[{"count":0,"href":"https:\/\/sibenik-taxi.net\/en\/wp-json\/wp\/v2\/pages\/2646\/revisions"}],"wp:attachment":[{"href":"https:\/\/sibenik-taxi.net\/en\/wp-json\/wp\/v2\/media?parent=2646"}],"curies":[{"name":"wp","href":"https:\/\/api.w.org\/{rel}","templated":true}]}}