{"id":2531,"date":"2018-04-22T10:02:31","date_gmt":"2018-04-22T10:02:31","guid":{"rendered":"http:\/\/sibenik-taxi.net\/about-us\/"},"modified":"2019-04-01T15:59:47","modified_gmt":"2019-04-01T15:59:47","slug":"about-us","status":"publish","type":"page","link":"https:\/\/sibenik-taxi.net\/en\/about-us\/","title":{"rendered":"About us"},"content":{"rendered":"<p>[vc_row][vc_column][vc_empty_space alter_height=&#8221;large&#8221; hide_on_mobile=&#8221;&#8221;]<div id=\"sc_title_1016937668\"\n\t\tclass=\"sc_title sc_title_default  vc_custom_1524392391208\"><h6 class=\"sc_item_subtitle sc_title_subtitle sc_align_left sc_item_title_style_default\">City taxi \u0160ibenik<\/h6><h2 class=\"sc_item_title sc_title_title sc_align_left sc_item_title_style_default\">About us<\/h2><\/div><!-- \/.sc_title -->[vc_empty_space alter_height=&#8221;small&#8221; hide_on_mobile=&#8221;&#8221;][vc_column_text]<span style=\"color: #808080;\">If you are looking for a fast, reliable and affordable way to get somewhere we are here for you. City Taxi \u0160ibenik, For multiple years now, we have provided visitors and residents of \u0160ibenik, with leading transportation services. Our goal is to meet our costumer needs by providing Taxi Club Card which offers you the lowest city and intercity drive prices. All of our vehicles are high quality, comfortable and new. Our drivers are trained, and our vehicles are equipped to make your experience with us a great one. We are here to meet your needs and to improve our services for you.<\/span>[\/vc_column_text][\/vc_column][\/vc_row][vc_row][vc_column][vc_empty_space hide_on_mobile=&#8221;&#8221;][\/vc_column][\/vc_row][vc_row full_width=&#8221;stretch_row&#8221;][vc_column width=&#8221;1\/4&#8243;][vc_empty_space hide_on_mobile=&#8221;&#8221;][vc_column_text]<span style=\"color: #ffffff;\"><a style=\"color: #ffffff;\" href=\"http:\/\/sibenik-taxi.net\/\">\u2190 home page<\/a>\u00a0\u00a0<a style=\"color: #ffffff;\" href=\"https:\/\/www.google.hr\/search?q=%C5%A1ibenik&amp;source=lnms&amp;tbm=isch&amp;sa=X&amp;ved=0ahUKEwien7Dr6JHaAhUGiiwKHYiADFwQ_AUICygC&amp;biw=1920&amp;bih=1069\">\u2190 photos of \u0160ibenik<\/a>\u00a0<\/span>[\/vc_column_text][vc_empty_space hide_on_mobile=&#8221;&#8221;][\/vc_column][vc_column width=&#8221;3\/4&#8243;][vc_empty_space hide_on_mobile=&#8221;&#8221;][vc_column_text]<img loading=\"lazy\" decoding=\"async\" class=\"size-full wp-image-1256\" src=\"http:\/\/sibenik-taxi.net\/wp-content\/uploads\/2018\/03\/Taxi-\u0160ibenik.jpg\" alt=\"O nama\" width=\"400\" height=\"5\" srcset=\"https:\/\/sibenik-taxi.net\/wp-content\/uploads\/2018\/03\/Taxi-\u0160ibenik.jpg 400w, https:\/\/sibenik-taxi.net\/wp-content\/uploads\/2018\/03\/Taxi-\u0160ibenik-300x4.jpg 300w, https:\/\/sibenik-taxi.net\/wp-content\/uploads\/2018\/03\/Taxi-\u0160ibenik-370x5.jpg 370w\" sizes=\"auto, (max-width: 400px) 100vw, 400px\" \/>[\/vc_column_text][vc_empty_space hide_on_mobile=&#8221;&#8221;][\/vc_column][\/vc_row][vc_row full_width=&#8221;stretch_row_content&#8221;][vc_column]<div id=\"sc_googlemap_1571104507_wrap\" class=\"sc_googlemap_wrap\"><div id=\"sc_googlemap_1571104507\"\n\t\t\tclass=\"sc_googlemap sc_googlemap_default\"\n\t\t\t style=\"width:100%;height:400px;\"\t\t\tdata-zoom=\"13\"\n\t\t\tdata-style=\"default\"\n\t\t\t><div id=\"sc_googlemap_1571104507_1\" class=\"sc_googlemap_marker\"\n\t\t\t\t\t\tdata-latlng=\"\"\n\t\t\t\t\t\tdata-address=\"Bana Josipa Jela\u010di\u0107a, 22000 \u0160ibenik croatia\"\n\t\t\t\t\t\tdata-description=\"\"\n\t\t\t\t\t\tdata-title=\"\"\n\t\t\t\t\t\tdata-icon=\"\"\n\t\t\t\t\t\t><\/div><\/div><\/div><!-- \/.sc_googlemap_wrap -->[\/vc_column][\/vc_row]<\/p>\n","protected":false},"excerpt":{"rendered":"<p>[vc_row][vc_column][vc_empty_space alter_height=&#8221;large&#8221; hide_on_mobile=&#8221;&#8221;][vc_empty_space alter_height=&#8221;small&#8221; hide_on_mobile=&#8221;&#8221;][vc_column_text]If you are looking for a fast, reliable and affordable way to get somewhere we are here for you. City Taxi \u0160ibenik, For multiple years now, we have provided visitors and residents of \u0160ibenik, with leading transportation services. Our goal is to meet our costumer needs by providing Taxi Club Card which offers you the lowest&hellip;<\/p>\n","protected":false},"author":1,"featured_media":0,"parent":0,"menu_order":0,"comment_status":"closed","ping_status":"closed","template":"","meta":{"_monsterinsights_skip_tracking":false,"_monsterinsights_sitenote_active":false,"_monsterinsights_sitenote_note":"","_monsterinsights_sitenote_category":0,"footnotes":""},"class_list":["post-2531","page","type-page","status-publish","hentry"],"yoast_head":"<!-- This site is optimized with the Yoast SEO plugin v26.5 - https:\/\/yoast.com\/wordpress\/plugins\/seo\/ -->\n<title>About us | Taxi in Sibenik | Cheap taxi | Order taxi 24\/7 | City taxi Sibenik<\/title>\n<meta name=\"description\" content=\"About us \u00b7 Taxi in Sibenik \u00b7 Taxi Sibenik \u00b7 City taxi Sibenik \u00b7 Order taxi \u00b7 + 385 99 3232 777 \u00b7 taxi.gradski.sib@gmail.com \u00b7 Taxi \u00b7 Taxi service \u00b7 Taxi transfers 24\/7 \u00b7 Airport transfers \u00b7 Taxi boat \u00b7 City transfers \u00b7 Transfers for students \u00b7 Transfers: Sibenik - Split \u00b7 Transfers: Sibenik - Zadar \u00b7 Trips \u00b7 Travels\" \/>\n<meta name=\"robots\" content=\"index, follow, max-snippet:-1, max-image-preview:large, max-video-preview:-1\" \/>\n<link rel=\"canonical\" href=\"https:\/\/sibenik-taxi.net\/en\/about-us\/\" \/>\n<meta property=\"og:locale\" content=\"en_US\" \/>\n<meta property=\"og:type\" content=\"article\" \/>\n<meta property=\"og:title\" content=\"About us | Taxi in Sibenik | Cheap taxi | Order taxi 24\/7 | City taxi Sibenik\" \/>\n<meta property=\"og:description\" content=\"About us \u00b7 Taxi in Sibenik \u00b7 Taxi Sibenik \u00b7 City taxi Sibenik \u00b7 Order taxi \u00b7 + 385 99 3232 777 \u00b7 taxi.gradski.sib@gmail.com \u00b7 Taxi \u00b7 Taxi service \u00b7 Taxi transfers 24\/7 \u00b7 Airport transfers \u00b7 Taxi boat \u00b7 City transfers \u00b7 Transfers for students \u00b7 Transfers: Sibenik - Split \u00b7 Transfers: Sibenik - Zadar \u00b7 Trips \u00b7 Travels\" \/>\n<meta property=\"og:url\" content=\"https:\/\/sibenik-taxi.net\/en\/about-us\/\" \/>\n<meta property=\"og:site_name\" content=\"Gradski taxi \u0160ibenik\" \/>\n<meta property=\"article:publisher\" content=\"https:\/\/www.facebook.com\/Gradski-taxi-%c5%a0ibenik-488901857822509\/\" \/>\n<meta property=\"article:modified_time\" content=\"2019-04-01T15:59:47+00:00\" \/>\n<meta property=\"og:image\" content=\"http:\/\/sibenik-taxi.net\/wp-content\/uploads\/2018\/03\/Taxi-\u0160ibenik.jpg\" \/>\n<meta name=\"twitter:card\" content=\"summary_large_image\" \/>\n<meta name=\"twitter:label1\" content=\"Est. reading time\" \/>\n\t<meta name=\"twitter:data1\" content=\"1 minute\" \/>\n<script type=\"application\/ld+json\" class=\"yoast-schema-graph\">{\"@context\":\"https:\/\/schema.org\",\"@graph\":[{\"@type\":\"WebPage\",\"@id\":\"https:\/\/sibenik-taxi.net\/en\/about-us\/\",\"url\":\"https:\/\/sibenik-taxi.net\/en\/about-us\/\",\"name\":\"About us | Taxi in Sibenik | Cheap taxi | Order taxi 24\/7 | City taxi Sibenik\",\"isPartOf\":{\"@id\":\"https:\/\/sibenik-taxi.net\/#website\"},\"datePublished\":\"2018-04-22T10:02:31+00:00\",\"dateModified\":\"2019-04-01T15:59:47+00:00\",\"description\":\"About us \u00b7 Taxi in Sibenik \u00b7 Taxi Sibenik \u00b7 City taxi Sibenik \u00b7 Order taxi \u00b7 + 385 99 3232 777 \u00b7 taxi.gradski.sib@gmail.com \u00b7 Taxi \u00b7 Taxi service \u00b7 Taxi transfers 24\/7 \u00b7 Airport transfers \u00b7 Taxi boat \u00b7 City transfers \u00b7 Transfers for students \u00b7 Transfers: Sibenik - Split \u00b7 Transfers: Sibenik - Zadar \u00b7 Trips \u00b7 Travels\",\"breadcrumb\":{\"@id\":\"https:\/\/sibenik-taxi.net\/en\/about-us\/#breadcrumb\"},\"inLanguage\":\"en-US\",\"potentialAction\":[{\"@type\":\"ReadAction\",\"target\":[\"https:\/\/sibenik-taxi.net\/en\/about-us\/\"]}]},{\"@type\":\"BreadcrumbList\",\"@id\":\"https:\/\/sibenik-taxi.net\/en\/about-us\/#breadcrumb\",\"itemListElement\":[{\"@type\":\"ListItem\",\"position\":1,\"name\":\"Home\",\"item\":\"https:\/\/sibenik-taxi.net\/en\/\"},{\"@type\":\"ListItem\",\"position\":2,\"name\":\"About us\"}]},{\"@type\":\"WebSite\",\"@id\":\"https:\/\/sibenik-taxi.net\/#website\",\"url\":\"https:\/\/sibenik-taxi.net\/\",\"name\":\"Gradski taxi \u0160ibenik\",\"description\":\"Taxi \u0160ibenik - Transferi od 0 do 24h\",\"publisher\":{\"@id\":\"https:\/\/sibenik-taxi.net\/#organization\"},\"potentialAction\":[{\"@type\":\"SearchAction\",\"target\":{\"@type\":\"EntryPoint\",\"urlTemplate\":\"https:\/\/sibenik-taxi.net\/?s={search_term_string}\"},\"query-input\":{\"@type\":\"PropertyValueSpecification\",\"valueRequired\":true,\"valueName\":\"search_term_string\"}}],\"inLanguage\":\"en-US\"},{\"@type\":\"Organization\",\"@id\":\"https:\/\/sibenik-taxi.net\/#organization\",\"name\":\"Gradski taxi \u0160ibenik\",\"url\":\"https:\/\/sibenik-taxi.net\/\",\"logo\":{\"@type\":\"ImageObject\",\"inLanguage\":\"en-US\",\"@id\":\"https:\/\/sibenik-taxi.net\/#\/schema\/logo\/image\/\",\"url\":\"https:\/\/sibenik-taxi.net\/wp-content\/uploads\/2018\/04\/taxi-logo-google.png\",\"contentUrl\":\"https:\/\/sibenik-taxi.net\/wp-content\/uploads\/2018\/04\/taxi-logo-google.png\",\"width\":201,\"height\":64,\"caption\":\"Gradski taxi \u0160ibenik\"},\"image\":{\"@id\":\"https:\/\/sibenik-taxi.net\/#\/schema\/logo\/image\/\"},\"sameAs\":[\"https:\/\/www.facebook.com\/Gradski-taxi-\u0160ibenik-488901857822509\/\"]}]}<\/script>\n<!-- \/ Yoast SEO plugin. -->","yoast_head_json":{"title":"About us | Taxi in Sibenik | Cheap taxi | Order taxi 24\/7 | City taxi Sibenik","description":"About us \u00b7 Taxi in Sibenik \u00b7 Taxi Sibenik \u00b7 City taxi Sibenik \u00b7 Order taxi \u00b7 + 385 99 3232 777 \u00b7 taxi.gradski.sib@gmail.com \u00b7 Taxi \u00b7 Taxi service \u00b7 Taxi transfers 24\/7 \u00b7 Airport transfers \u00b7 Taxi boat \u00b7 City transfers \u00b7 Transfers for students \u00b7 Transfers: Sibenik - Split \u00b7 Transfers: Sibenik - Zadar \u00b7 Trips \u00b7 Travels","robots":{"index":"index","follow":"follow","max-snippet":"max-snippet:-1","max-image-preview":"max-image-preview:large","max-video-preview":"max-video-preview:-1"},"canonical":"https:\/\/sibenik-taxi.net\/en\/about-us\/","og_locale":"en_US","og_type":"article","og_title":"About us | Taxi in Sibenik | Cheap taxi | Order taxi 24\/7 | City taxi Sibenik","og_description":"About us \u00b7 Taxi in Sibenik \u00b7 Taxi Sibenik \u00b7 City taxi Sibenik \u00b7 Order taxi \u00b7 + 385 99 3232 777 \u00b7 taxi.gradski.sib@gmail.com \u00b7 Taxi \u00b7 Taxi service \u00b7 Taxi transfers 24\/7 \u00b7 Airport transfers \u00b7 Taxi boat \u00b7 City transfers \u00b7 Transfers for students \u00b7 Transfers: Sibenik - Split \u00b7 Transfers: Sibenik - Zadar \u00b7 Trips \u00b7 Travels","og_url":"https:\/\/sibenik-taxi.net\/en\/about-us\/","og_site_name":"Gradski taxi \u0160ibenik","article_publisher":"https:\/\/www.facebook.com\/Gradski-taxi-%c5%a0ibenik-488901857822509\/","article_modified_time":"2019-04-01T15:59:47+00:00","og_image":[{"url":"http:\/\/sibenik-taxi.net\/wp-content\/uploads\/2018\/03\/Taxi-\u0160ibenik.jpg","type":"","width":"","height":""}],"twitter_card":"summary_large_image","twitter_misc":{"Est. reading time":"1 minute"},"schema":{"@context":"https:\/\/schema.org","@graph":[{"@type":"WebPage","@id":"https:\/\/sibenik-taxi.net\/en\/about-us\/","url":"https:\/\/sibenik-taxi.net\/en\/about-us\/","name":"About us | Taxi in Sibenik | Cheap taxi | Order taxi 24\/7 | City taxi Sibenik","isPartOf":{"@id":"https:\/\/sibenik-taxi.net\/#website"},"datePublished":"2018-04-22T10:02:31+00:00","dateModified":"2019-04-01T15:59:47+00:00","description":"About us \u00b7 Taxi in Sibenik \u00b7 Taxi Sibenik \u00b7 City taxi Sibenik \u00b7 Order taxi \u00b7 + 385 99 3232 777 \u00b7 taxi.gradski.sib@gmail.com \u00b7 Taxi \u00b7 Taxi service \u00b7 Taxi transfers 24\/7 \u00b7 Airport transfers \u00b7 Taxi boat \u00b7 City transfers \u00b7 Transfers for students \u00b7 Transfers: Sibenik - Split \u00b7 Transfers: Sibenik - Zadar \u00b7 Trips \u00b7 Travels","breadcrumb":{"@id":"https:\/\/sibenik-taxi.net\/en\/about-us\/#breadcrumb"},"inLanguage":"en-US","potentialAction":[{"@type":"ReadAction","target":["https:\/\/sibenik-taxi.net\/en\/about-us\/"]}]},{"@type":"BreadcrumbList","@id":"https:\/\/sibenik-taxi.net\/en\/about-us\/#breadcrumb","itemListElement":[{"@type":"ListItem","position":1,"name":"Home","item":"https:\/\/sibenik-taxi.net\/en\/"},{"@type":"ListItem","position":2,"name":"About us"}]},{"@type":"WebSite","@id":"https:\/\/sibenik-taxi.net\/#website","url":"https:\/\/sibenik-taxi.net\/","name":"Gradski taxi \u0160ibenik","description":"Taxi \u0160ibenik - Transferi od 0 do 24h","publisher":{"@id":"https:\/\/sibenik-taxi.net\/#organization"},"potentialAction":[{"@type":"SearchAction","target":{"@type":"EntryPoint","urlTemplate":"https:\/\/sibenik-taxi.net\/?s={search_term_string}"},"query-input":{"@type":"PropertyValueSpecification","valueRequired":true,"valueName":"search_term_string"}}],"inLanguage":"en-US"},{"@type":"Organization","@id":"https:\/\/sibenik-taxi.net\/#organization","name":"Gradski taxi \u0160ibenik","url":"https:\/\/sibenik-taxi.net\/","logo":{"@type":"ImageObject","inLanguage":"en-US","@id":"https:\/\/sibenik-taxi.net\/#\/schema\/logo\/image\/","url":"https:\/\/sibenik-taxi.net\/wp-content\/uploads\/2018\/04\/taxi-logo-google.png","contentUrl":"https:\/\/sibenik-taxi.net\/wp-content\/uploads\/2018\/04\/taxi-logo-google.png","width":201,"height":64,"caption":"Gradski taxi \u0160ibenik"},"image":{"@id":"https:\/\/sibenik-taxi.net\/#\/schema\/logo\/image\/"},"sameAs":["https:\/\/www.facebook.com\/Gradski-taxi-\u0160ibenik-488901857822509\/"]}]}},"_links":{"self":[{"href":"https:\/\/sibenik-taxi.net\/en\/wp-json\/wp\/v2\/pages\/2531","targetHints":{"allow":["GET"]}}],"collection":[{"href":"https:\/\/sibenik-taxi.net\/en\/wp-json\/wp\/v2\/pages"}],"about":[{"href":"https:\/\/sibenik-taxi.net\/en\/wp-json\/wp\/v2\/types\/page"}],"author":[{"embeddable":true,"href":"https:\/\/sibenik-taxi.net\/en\/wp-json\/wp\/v2\/users\/1"}],"replies":[{"embeddable":true,"href":"https:\/\/sibenik-taxi.net\/en\/wp-json\/wp\/v2\/comments?post=2531"}],"version-history":[{"count":0,"href":"https:\/\/sibenik-taxi.net\/en\/wp-json\/wp\/v2\/pages\/2531\/revisions"}],"wp:attachment":[{"href":"https:\/\/sibenik-taxi.net\/en\/wp-json\/wp\/v2\/media?parent=2531"}],"curies":[{"name":"wp","href":"https:\/\/api.w.org\/{rel}","templated":true}]}}