{"id":2315,"date":"2018-04-18T12:25:20","date_gmt":"2018-04-18T12:25:20","guid":{"rendered":"http:\/\/sibenik-taxi.net\/contact\/"},"modified":"2018-04-18T13:52:27","modified_gmt":"2018-04-18T13:52:27","slug":"contact","status":"publish","type":"page","link":"https:\/\/sibenik-taxi.net\/en\/contact\/","title":{"rendered":"Contact"},"content":{"rendered":"<p>[vc_row][vc_column width=&#8221;1\/6&#8243;][\/vc_column][vc_column width=&#8221;2\/3&#8243;][vc_empty_space alter_height=&#8221;large&#8221; hide_on_mobile=&#8221;&#8221;]<div id=\"sc_title_2008651331\"\n\t\tclass=\"sc_title sc_title_default\"><h6 class=\"sc_item_subtitle sc_title_subtitle sc_align_center sc_item_title_style_default\">HOW CAN WE HELP YOU?<\/h6><h2 class=\"sc_item_title sc_title_title sc_align_center sc_item_title_style_default\">Contact<\/h2><\/div><!-- \/.sc_title -->[vc_empty_space hide_on_mobile=&#8221;&#8221;][vc_column_text]<\/p>\n<p style=\"text-align: center;\"><span style=\"color: #808080;\">If you have any comments, suggestions or questions, please do not hesitate to contact us. Our high-quality office staff will help you and answer all your questions.<\/span><\/p>\n<p>[\/vc_column_text][vc_empty_space alter_height=&#8221;large&#8221; hide_on_mobile=&#8221;&#8221;][\/vc_column][vc_column width=&#8221;1\/6&#8243;][\/vc_column][\/vc_row][vc_row full_width=&#8221;stretch_row_content_no_spaces&#8221;][vc_column]<div\n     id=\"sc_form_599595829\"    class=\"sc_form sc_form_modern sc_align_default\"\n        >\n\n    \n    <form class=\"sc_form_form \" method=\"post\" action=\"https:\/\/sibenik-taxi.net\/wp-admin\/admin-ajax.php\">\n\n        <div class=\"sc_form_info\">\n            <div class=\"content_wrap\">\n                <div class=\"trx_addons_columns_wrap columns_padding_bottom\"><div class=\"trx_addons_column-1_3\">\n                        <div class=\"sc_form_info_item sc_form_info_item_address\">\n                            <span class=\"sc_form_info_icon icon-map\"><\/span>\n                            <h6 class=\"sc_form_info_title\">Our address<\/h6>\n\t\t\t\t\t\t\t<span class=\"sc_form_info_data\"><span>Bana Josipa Jela\u010di\u0107a, 22000 \u0160ibenik<\/span><\/span>\n                        <\/div>\n                        <\/div><div class=\"trx_addons_column-1_3\">\n                        <div class=\"sc_form_info_item sc_form_info_item_phone\">\n                            <span class=\"sc_form_info_icon icon-phone-3\"><\/span>\n                            <h6 class=\"sc_form_info_title\">Our Phones<\/h6>\n\t\t\t\t\t\t\t<span class=\"sc_form_info_data\"><span>+ 385 99 3232 777<\/span><\/span>\n                        <\/div>\n                        <\/div><div class=\"trx_addons_column-1_3\">\n                        <div class=\"sc_form_info_item sc_form_info_item_email\">\n                            <span class=\"sc_form_info_icon icon-e-mail\"><\/span>\n                            <h6 class=\"sc_form_info_title\">Our mail<\/h6>\n\t\t\t\t\t\t\t<span class=\"sc_form_info_data\"><a href=\"mailto:taxi.gradski.sib@gmail.com\">taxi.gradski.sib@gmail.com<\/a><\/span>\n                        <\/div>\n                        <\/div><\/div>\n            <\/div>\n        <\/div><!-- \/.sc_form_info -->\n\n            <\/form>\n\n<\/div><!-- \/.sc_form -->\n[\/vc_column][\/vc_row][vc_row full_width=&#8221;stretch_row&#8221; css=&#8221;.vc_custom_1477994294013{background-color: #f7f7f7 !important;}&#8221;][vc_column][vc_empty_space alter_height=&#8221;large&#8221; hide_on_mobile=&#8221;&#8221;][vc_column_text css=&#8221;.vc_custom_1524057696212{margin-top: 0.15em !important;margin-bottom: 0.2em !important;}&#8221;]\n<div class=\"wpcf7 no-js\" id=\"wpcf7-f357-o1\" lang=\"en-US\" dir=\"ltr\" data-wpcf7-id=\"357\">\n<div class=\"screen-reader-response\"><p role=\"status\" aria-live=\"polite\" aria-atomic=\"true\"><\/p> <ul><\/ul><\/div>\n<form action=\"\/en\/wp-json\/wp\/v2\/pages\/2315#wpcf7-f357-o1\" method=\"post\" class=\"wpcf7-form init\" aria-label=\"Contact form\" novalidate=\"novalidate\" data-status=\"init\">\n<fieldset class=\"hidden-fields-container\"><input type=\"hidden\" name=\"_wpcf7\" value=\"357\" \/><input type=\"hidden\" name=\"_wpcf7_version\" value=\"6.1.4\" \/><input type=\"hidden\" name=\"_wpcf7_locale\" value=\"en_US\" \/><input type=\"hidden\" name=\"_wpcf7_unit_tag\" value=\"wpcf7-f357-o1\" \/><input type=\"hidden\" name=\"_wpcf7_container_post\" value=\"0\" \/><input type=\"hidden\" name=\"_wpcf7_posted_data_hash\" value=\"\" \/><input type=\"hidden\" name=\"_wpcf7_recaptcha_response\" value=\"\" \/>\n<\/fieldset>\n<div class=\"columns_wrap\">\n\t<div class=\"column-1_3\">\n\t\t<p><span class=\"wpcf7-form-control-wrap\" data-name=\"your-name\"><input size=\"40\" maxlength=\"400\" class=\"wpcf7-form-control wpcf7-text wpcf7-validates-as-required\" aria-required=\"true\" aria-invalid=\"false\" placeholder=\"Your Name\" value=\"\" type=\"text\" name=\"your-name\" \/><\/span><br \/>\n<span class=\"wpcf7-form-control-wrap\" data-name=\"your-phone\"><input size=\"40\" maxlength=\"400\" class=\"wpcf7-form-control wpcf7-tel wpcf7-validates-as-required wpcf7-text wpcf7-validates-as-tel\" aria-required=\"true\" aria-invalid=\"false\" placeholder=\"Your Phone\" value=\"\" type=\"tel\" name=\"your-phone\" \/><\/span>\n\t\t<\/p>\n\t<\/div>\n\t<div class=\"column-1_3\">\n\t\t<p><span class=\"wpcf7-form-control-wrap\" data-name=\"your-email\"><input size=\"40\" maxlength=\"400\" class=\"wpcf7-form-control wpcf7-email wpcf7-validates-as-required wpcf7-text wpcf7-validates-as-email\" aria-required=\"true\" aria-invalid=\"false\" placeholder=\"Your E-mail\" value=\"\" type=\"email\" name=\"your-email\" \/><\/span><br \/>\n<span class=\"wpcf7-form-control-wrap\" data-name=\"your-city\"><input size=\"40\" maxlength=\"400\" class=\"wpcf7-form-control wpcf7-text wpcf7-validates-as-required\" aria-required=\"true\" aria-invalid=\"false\" placeholder=\"Your City\" value=\"\" type=\"text\" name=\"your-city\" \/><\/span>\n\t\t<\/p>\n\t<\/div>\n\t<div class=\"column-1_3\">\n\t\t<p><span class=\"wpcf7-form-control-wrap\" data-name=\"your-message\"><textarea cols=\"40\" rows=\"10\" maxlength=\"2000\" class=\"wpcf7-form-control wpcf7-textarea wpcf7-validates-as-required\" aria-required=\"true\" aria-invalid=\"false\" placeholder=\"Your Question\" name=\"your-message\"><\/textarea><\/span><br \/>\n\t\t<span class=\"wpcf7-form-control-wrap recaptcha\" data-name=\"recaptcha\"><span data-sitekey=\"6Lf-ekUfAAAAALcmagqlej7aJgEw_TbGVoLp4FzX\" class=\"wpcf7-form-control wpcf7-recaptcha g-recaptcha\"><\/span>\r\n<noscript>\r\n\t<div class=\"grecaptcha-noscript\">\r\n\t\t<iframe loading=\"lazy\" src=\"https:\/\/www.google.com\/recaptcha\/api\/fallback?k=6Lf-ekUfAAAAALcmagqlej7aJgEw_TbGVoLp4FzX\" frameborder=\"0\" scrolling=\"no\" width=\"310\" height=\"430\">\r\n\t\t<\/iframe>\r\n\t\t<textarea name=\"g-recaptcha-response\" rows=\"3\" cols=\"40\" placeholder=\"reCaptcha Response Here\">\r\n\t\t<\/textarea>\r\n\t<\/div>\r\n<\/noscript>\r\n<\/span>\n\t\t<\/p>\n\t<\/div>\n<\/div>\n<div class=\"form-button\">\n\t<p><input class=\"wpcf7-form-control wpcf7-submit has-spinner\" type=\"submit\" value=\"SEND REQUIRE\" \/>\n\t<\/p>\n<\/div><div class=\"wpcf7-response-output\" aria-hidden=\"true\"><\/div>\n<\/form>\n<\/div>\n[\/vc_column_text][vc_empty_space alter_height=&#8221;medium&#8221; hide_on_mobile=&#8221;&#8221;][\/vc_column][\/vc_row][vc_row full_width=&#8221;stretch_row&#8221; css=&#8221;.vc_custom_1523979274282{background-color: #f7f7f7 !important;}&#8221;][vc_column width=&#8221;1\/4&#8243;][vc_empty_space hide_on_mobile=&#8221;&#8221;][vc_column_text]<span style=\"color: #f7f7f7;\"><a style=\"color: #f7f7f7;\" href=\"http:\/\/sibenik-taxi.net\/\">\u2190 home page<\/a>\u00a0\u00a0<a style=\"color: #f7f7f7;\" href=\"https:\/\/www.google.hr\/search?q=%C5%A1ibenik&amp;source=lnms&amp;tbm=isch&amp;sa=X&amp;ved=0ahUKEwien7Dr6JHaAhUGiiwKHYiADFwQ_AUICygC&amp;biw=1920&amp;bih=1069\">\u2190 photos of \u0160ibenik<\/a>\u00a0<\/span>[\/vc_column_text][vc_empty_space hide_on_mobile=&#8221;&#8221;][\/vc_column][vc_column width=&#8221;3\/4&#8243;][vc_empty_space hide_on_mobile=&#8221;&#8221;][vc_column_text]<img loading=\"lazy\" decoding=\"async\" class=\"size-full wp-image-2329\" src=\"http:\/\/sibenik-taxi.net\/wp-content\/uploads\/2018\/04\/contact.jpg\" alt=\"contact\" width=\"400\" height=\"5\" srcset=\"https:\/\/sibenik-taxi.net\/wp-content\/uploads\/2018\/04\/contact.jpg 400w, https:\/\/sibenik-taxi.net\/wp-content\/uploads\/2018\/04\/contact-300x4.jpg 300w, https:\/\/sibenik-taxi.net\/wp-content\/uploads\/2018\/04\/contact-320x5.jpg 320w, https:\/\/sibenik-taxi.net\/wp-content\/uploads\/2018\/04\/contact-370x5.jpg 370w\" sizes=\"auto, (max-width: 400px) 100vw, 400px\" \/>[\/vc_column_text][vc_empty_space hide_on_mobile=&#8221;&#8221;][\/vc_column][\/vc_row][vc_row full_width=&#8221;stretch_row_content&#8221;][vc_column]<div id=\"sc_googlemap_732409639_wrap\" class=\"sc_googlemap_wrap\"><div id=\"sc_googlemap_732409639\"\n\t\t\tclass=\"sc_googlemap sc_googlemap_default\"\n\t\t\t style=\"width:100%;height:400px;\"\t\t\tdata-zoom=\"13\"\n\t\t\tdata-style=\"default\"\n\t\t\t><div id=\"sc_googlemap_732409639_1\" class=\"sc_googlemap_marker\"\n\t\t\t\t\t\tdata-latlng=\"\"\n\t\t\t\t\t\tdata-address=\"Bana Josipa Jela\u010di\u0107a, 22000 \u0160ibenik croatia\"\n\t\t\t\t\t\tdata-description=\"\"\n\t\t\t\t\t\tdata-title=\"\"\n\t\t\t\t\t\tdata-icon=\"\"\n\t\t\t\t\t\t><\/div><\/div><\/div><!-- \/.sc_googlemap_wrap -->[\/vc_column][\/vc_row]<\/p>\n","protected":false},"excerpt":{"rendered":"<p>[vc_row][vc_column width=&#8221;1\/6&#8243;][\/vc_column][vc_column width=&#8221;2\/3&#8243;][vc_empty_space alter_height=&#8221;large&#8221; hide_on_mobile=&#8221;&#8221;][vc_empty_space hide_on_mobile=&#8221;&#8221;][vc_column_text] If you have any comments, suggestions or questions, please do not hesitate to contact us. Our high-quality office staff will help you and answer all your questions. [\/vc_column_text][vc_empty_space alter_height=&#8221;large&#8221; hide_on_mobile=&#8221;&#8221;][\/vc_column][vc_column width=&#8221;1\/6&#8243;][\/vc_column][\/vc_row][vc_row full_width=&#8221;stretch_row_content_no_spaces&#8221;][vc_column][\/vc_column][\/vc_row][vc_row full_width=&#8221;stretch_row&#8221; css=&#8221;.vc_custom_1477994294013{background-color: #f7f7f7 !important;}&#8221;][vc_column][vc_empty_space alter_height=&#8221;large&#8221; hide_on_mobile=&#8221;&#8221;][vc_column_text css=&#8221;.vc_custom_1524057696212{margin-top: 0.15em !important;margin-bottom: 0.2em !important;}&#8221;][\/vc_column_text][vc_empty_space alter_height=&#8221;medium&#8221; hide_on_mobile=&#8221;&#8221;][\/vc_column][\/vc_row][vc_row full_width=&#8221;stretch_row&#8221; css=&#8221;.vc_custom_1523979274282{background-color: #f7f7f7 !important;}&#8221;][vc_column width=&#8221;1\/4&#8243;][vc_empty_space hide_on_mobile=&#8221;&#8221;][vc_column_text]\u2190 home page\u00a0\u00a0\u2190 photos&hellip;<\/p>\n","protected":false},"author":1,"featured_media":0,"parent":0,"menu_order":0,"comment_status":"closed","ping_status":"closed","template":"","meta":{"_monsterinsights_skip_tracking":false,"_monsterinsights_sitenote_active":false,"_monsterinsights_sitenote_note":"","_monsterinsights_sitenote_category":0,"footnotes":""},"class_list":["post-2315","page","type-page","status-publish","hentry"],"yoast_head":"<!-- This site is optimized with the Yoast SEO plugin v26.5 - https:\/\/yoast.com\/wordpress\/plugins\/seo\/ -->\n<title>Contact | Taxi in \u0160ibenik | City taxi \u0160ibenik | Cheap taxi 24\/7<\/title>\n<meta name=\"description\" content=\"Contact \u00b7 Taxi in \u0160ibenik \u00b7 City taxi \u0160ibenik \u00b7 Order taxi \u00b7 099 3232 777 \u00b7 taxi.gradski.sib@gmail.com \u00b7 Taxi \u00b7 Taxi service \u00b7 Taxi transfers 24\/7 \u00b7 Airport transfers \u00b7 Taxi boat \u00b7 City transfers \u00b7 Transfers for students \u00b7 Transfers: \u0160ibenik - Split \u00b7 Transfers: \u0160ibenik - Zadar \u00b7 Trips \u00b7 Travels\" \/>\n<meta name=\"robots\" content=\"index, follow, max-snippet:-1, max-image-preview:large, max-video-preview:-1\" \/>\n<link rel=\"canonical\" href=\"https:\/\/sibenik-taxi.net\/en\/contact\/\" \/>\n<meta property=\"og:locale\" content=\"en_US\" \/>\n<meta property=\"og:type\" content=\"article\" \/>\n<meta property=\"og:title\" content=\"Contact | Taxi in \u0160ibenik | City taxi \u0160ibenik | Cheap taxi 24\/7\" \/>\n<meta property=\"og:description\" content=\"Contact \u00b7 Taxi in \u0160ibenik \u00b7 City taxi \u0160ibenik \u00b7 Order taxi \u00b7 099 3232 777 \u00b7 taxi.gradski.sib@gmail.com \u00b7 Taxi \u00b7 Taxi service \u00b7 Taxi transfers 24\/7 \u00b7 Airport transfers \u00b7 Taxi boat \u00b7 City transfers \u00b7 Transfers for students \u00b7 Transfers: \u0160ibenik - Split \u00b7 Transfers: \u0160ibenik - Zadar \u00b7 Trips \u00b7 Travels\" \/>\n<meta property=\"og:url\" content=\"https:\/\/sibenik-taxi.net\/en\/contact\/\" \/>\n<meta property=\"og:site_name\" content=\"Gradski taxi \u0160ibenik\" \/>\n<meta property=\"article:publisher\" content=\"https:\/\/www.facebook.com\/Gradski-taxi-%c5%a0ibenik-488901857822509\/\" \/>\n<meta property=\"article:modified_time\" content=\"2018-04-18T13:52:27+00:00\" \/>\n<meta property=\"og:image\" content=\"http:\/\/sibenik-taxi.net\/wp-content\/uploads\/2018\/04\/contact.jpg\" \/>\n<meta name=\"twitter:card\" content=\"summary_large_image\" \/>\n<meta name=\"twitter:label1\" content=\"Est. reading time\" \/>\n\t<meta name=\"twitter:data1\" content=\"2 minutes\" \/>\n<script type=\"application\/ld+json\" class=\"yoast-schema-graph\">{\"@context\":\"https:\/\/schema.org\",\"@graph\":[{\"@type\":\"WebPage\",\"@id\":\"https:\/\/sibenik-taxi.net\/en\/contact\/\",\"url\":\"https:\/\/sibenik-taxi.net\/en\/contact\/\",\"name\":\"Contact | Taxi in \u0160ibenik | City taxi \u0160ibenik | Cheap taxi 24\/7\",\"isPartOf\":{\"@id\":\"https:\/\/sibenik-taxi.net\/#website\"},\"primaryImageOfPage\":{\"@id\":\"https:\/\/sibenik-taxi.net\/en\/contact\/#primaryimage\"},\"image\":{\"@id\":\"https:\/\/sibenik-taxi.net\/en\/contact\/#primaryimage\"},\"thumbnailUrl\":\"http:\/\/sibenik-taxi.net\/wp-content\/uploads\/2018\/04\/contact.jpg\",\"datePublished\":\"2018-04-18T12:25:20+00:00\",\"dateModified\":\"2018-04-18T13:52:27+00:00\",\"description\":\"Contact \u00b7 Taxi in \u0160ibenik \u00b7 City taxi \u0160ibenik \u00b7 Order taxi \u00b7 099 3232 777 \u00b7 taxi.gradski.sib@gmail.com \u00b7 Taxi \u00b7 Taxi service \u00b7 Taxi transfers 24\/7 \u00b7 Airport transfers \u00b7 Taxi boat \u00b7 City transfers \u00b7 Transfers for students \u00b7 Transfers: \u0160ibenik - Split \u00b7 Transfers: \u0160ibenik - Zadar \u00b7 Trips \u00b7 Travels\",\"breadcrumb\":{\"@id\":\"https:\/\/sibenik-taxi.net\/en\/contact\/#breadcrumb\"},\"inLanguage\":\"en-US\",\"potentialAction\":[{\"@type\":\"ReadAction\",\"target\":[\"https:\/\/sibenik-taxi.net\/en\/contact\/\"]}]},{\"@type\":\"ImageObject\",\"inLanguage\":\"en-US\",\"@id\":\"https:\/\/sibenik-taxi.net\/en\/contact\/#primaryimage\",\"url\":\"http:\/\/sibenik-taxi.net\/wp-content\/uploads\/2018\/04\/contact.jpg\",\"contentUrl\":\"http:\/\/sibenik-taxi.net\/wp-content\/uploads\/2018\/04\/contact.jpg\"},{\"@type\":\"BreadcrumbList\",\"@id\":\"https:\/\/sibenik-taxi.net\/en\/contact\/#breadcrumb\",\"itemListElement\":[{\"@type\":\"ListItem\",\"position\":1,\"name\":\"Home\",\"item\":\"https:\/\/sibenik-taxi.net\/en\/\"},{\"@type\":\"ListItem\",\"position\":2,\"name\":\"Contact\"}]},{\"@type\":\"WebSite\",\"@id\":\"https:\/\/sibenik-taxi.net\/#website\",\"url\":\"https:\/\/sibenik-taxi.net\/\",\"name\":\"Gradski taxi \u0160ibenik\",\"description\":\"Taxi \u0160ibenik - Transferi od 0 do 24h\",\"publisher\":{\"@id\":\"https:\/\/sibenik-taxi.net\/#organization\"},\"potentialAction\":[{\"@type\":\"SearchAction\",\"target\":{\"@type\":\"EntryPoint\",\"urlTemplate\":\"https:\/\/sibenik-taxi.net\/?s={search_term_string}\"},\"query-input\":{\"@type\":\"PropertyValueSpecification\",\"valueRequired\":true,\"valueName\":\"search_term_string\"}}],\"inLanguage\":\"en-US\"},{\"@type\":\"Organization\",\"@id\":\"https:\/\/sibenik-taxi.net\/#organization\",\"name\":\"Gradski taxi \u0160ibenik\",\"url\":\"https:\/\/sibenik-taxi.net\/\",\"logo\":{\"@type\":\"ImageObject\",\"inLanguage\":\"en-US\",\"@id\":\"https:\/\/sibenik-taxi.net\/#\/schema\/logo\/image\/\",\"url\":\"https:\/\/sibenik-taxi.net\/wp-content\/uploads\/2018\/04\/taxi-logo-google.png\",\"contentUrl\":\"https:\/\/sibenik-taxi.net\/wp-content\/uploads\/2018\/04\/taxi-logo-google.png\",\"width\":201,\"height\":64,\"caption\":\"Gradski taxi \u0160ibenik\"},\"image\":{\"@id\":\"https:\/\/sibenik-taxi.net\/#\/schema\/logo\/image\/\"},\"sameAs\":[\"https:\/\/www.facebook.com\/Gradski-taxi-\u0160ibenik-488901857822509\/\"]}]}<\/script>\n<!-- \/ Yoast SEO plugin. -->","yoast_head_json":{"title":"Contact | Taxi in \u0160ibenik | City taxi \u0160ibenik | Cheap taxi 24\/7","description":"Contact \u00b7 Taxi in \u0160ibenik \u00b7 City taxi \u0160ibenik \u00b7 Order taxi \u00b7 099 3232 777 \u00b7 taxi.gradski.sib@gmail.com \u00b7 Taxi \u00b7 Taxi service \u00b7 Taxi transfers 24\/7 \u00b7 Airport transfers \u00b7 Taxi boat \u00b7 City transfers \u00b7 Transfers for students \u00b7 Transfers: \u0160ibenik - Split \u00b7 Transfers: \u0160ibenik - Zadar \u00b7 Trips \u00b7 Travels","robots":{"index":"index","follow":"follow","max-snippet":"max-snippet:-1","max-image-preview":"max-image-preview:large","max-video-preview":"max-video-preview:-1"},"canonical":"https:\/\/sibenik-taxi.net\/en\/contact\/","og_locale":"en_US","og_type":"article","og_title":"Contact | Taxi in \u0160ibenik | City taxi \u0160ibenik | Cheap taxi 24\/7","og_description":"Contact \u00b7 Taxi in \u0160ibenik \u00b7 City taxi \u0160ibenik \u00b7 Order taxi \u00b7 099 3232 777 \u00b7 taxi.gradski.sib@gmail.com \u00b7 Taxi \u00b7 Taxi service \u00b7 Taxi transfers 24\/7 \u00b7 Airport transfers \u00b7 Taxi boat \u00b7 City transfers \u00b7 Transfers for students \u00b7 Transfers: \u0160ibenik - Split \u00b7 Transfers: \u0160ibenik - Zadar \u00b7 Trips \u00b7 Travels","og_url":"https:\/\/sibenik-taxi.net\/en\/contact\/","og_site_name":"Gradski taxi \u0160ibenik","article_publisher":"https:\/\/www.facebook.com\/Gradski-taxi-%c5%a0ibenik-488901857822509\/","article_modified_time":"2018-04-18T13:52:27+00:00","og_image":[{"url":"http:\/\/sibenik-taxi.net\/wp-content\/uploads\/2018\/04\/contact.jpg","type":"","width":"","height":""}],"twitter_card":"summary_large_image","twitter_misc":{"Est. reading time":"2 minutes"},"schema":{"@context":"https:\/\/schema.org","@graph":[{"@type":"WebPage","@id":"https:\/\/sibenik-taxi.net\/en\/contact\/","url":"https:\/\/sibenik-taxi.net\/en\/contact\/","name":"Contact | Taxi in \u0160ibenik | City taxi \u0160ibenik | Cheap taxi 24\/7","isPartOf":{"@id":"https:\/\/sibenik-taxi.net\/#website"},"primaryImageOfPage":{"@id":"https:\/\/sibenik-taxi.net\/en\/contact\/#primaryimage"},"image":{"@id":"https:\/\/sibenik-taxi.net\/en\/contact\/#primaryimage"},"thumbnailUrl":"http:\/\/sibenik-taxi.net\/wp-content\/uploads\/2018\/04\/contact.jpg","datePublished":"2018-04-18T12:25:20+00:00","dateModified":"2018-04-18T13:52:27+00:00","description":"Contact \u00b7 Taxi in \u0160ibenik \u00b7 City taxi \u0160ibenik \u00b7 Order taxi \u00b7 099 3232 777 \u00b7 taxi.gradski.sib@gmail.com \u00b7 Taxi \u00b7 Taxi service \u00b7 Taxi transfers 24\/7 \u00b7 Airport transfers \u00b7 Taxi boat \u00b7 City transfers \u00b7 Transfers for students \u00b7 Transfers: \u0160ibenik - Split \u00b7 Transfers: \u0160ibenik - Zadar \u00b7 Trips \u00b7 Travels","breadcrumb":{"@id":"https:\/\/sibenik-taxi.net\/en\/contact\/#breadcrumb"},"inLanguage":"en-US","potentialAction":[{"@type":"ReadAction","target":["https:\/\/sibenik-taxi.net\/en\/contact\/"]}]},{"@type":"ImageObject","inLanguage":"en-US","@id":"https:\/\/sibenik-taxi.net\/en\/contact\/#primaryimage","url":"http:\/\/sibenik-taxi.net\/wp-content\/uploads\/2018\/04\/contact.jpg","contentUrl":"http:\/\/sibenik-taxi.net\/wp-content\/uploads\/2018\/04\/contact.jpg"},{"@type":"BreadcrumbList","@id":"https:\/\/sibenik-taxi.net\/en\/contact\/#breadcrumb","itemListElement":[{"@type":"ListItem","position":1,"name":"Home","item":"https:\/\/sibenik-taxi.net\/en\/"},{"@type":"ListItem","position":2,"name":"Contact"}]},{"@type":"WebSite","@id":"https:\/\/sibenik-taxi.net\/#website","url":"https:\/\/sibenik-taxi.net\/","name":"Gradski taxi \u0160ibenik","description":"Taxi \u0160ibenik - Transferi od 0 do 24h","publisher":{"@id":"https:\/\/sibenik-taxi.net\/#organization"},"potentialAction":[{"@type":"SearchAction","target":{"@type":"EntryPoint","urlTemplate":"https:\/\/sibenik-taxi.net\/?s={search_term_string}"},"query-input":{"@type":"PropertyValueSpecification","valueRequired":true,"valueName":"search_term_string"}}],"inLanguage":"en-US"},{"@type":"Organization","@id":"https:\/\/sibenik-taxi.net\/#organization","name":"Gradski taxi \u0160ibenik","url":"https:\/\/sibenik-taxi.net\/","logo":{"@type":"ImageObject","inLanguage":"en-US","@id":"https:\/\/sibenik-taxi.net\/#\/schema\/logo\/image\/","url":"https:\/\/sibenik-taxi.net\/wp-content\/uploads\/2018\/04\/taxi-logo-google.png","contentUrl":"https:\/\/sibenik-taxi.net\/wp-content\/uploads\/2018\/04\/taxi-logo-google.png","width":201,"height":64,"caption":"Gradski taxi \u0160ibenik"},"image":{"@id":"https:\/\/sibenik-taxi.net\/#\/schema\/logo\/image\/"},"sameAs":["https:\/\/www.facebook.com\/Gradski-taxi-\u0160ibenik-488901857822509\/"]}]}},"_links":{"self":[{"href":"https:\/\/sibenik-taxi.net\/en\/wp-json\/wp\/v2\/pages\/2315","targetHints":{"allow":["GET"]}}],"collection":[{"href":"https:\/\/sibenik-taxi.net\/en\/wp-json\/wp\/v2\/pages"}],"about":[{"href":"https:\/\/sibenik-taxi.net\/en\/wp-json\/wp\/v2\/types\/page"}],"author":[{"embeddable":true,"href":"https:\/\/sibenik-taxi.net\/en\/wp-json\/wp\/v2\/users\/1"}],"replies":[{"embeddable":true,"href":"https:\/\/sibenik-taxi.net\/en\/wp-json\/wp\/v2\/comments?post=2315"}],"version-history":[{"count":0,"href":"https:\/\/sibenik-taxi.net\/en\/wp-json\/wp\/v2\/pages\/2315\/revisions"}],"wp:attachment":[{"href":"https:\/\/sibenik-taxi.net\/en\/wp-json\/wp\/v2\/media?parent=2315"}],"curies":[{"name":"wp","href":"https:\/\/api.w.org\/{rel}","templated":true}]}}